{"id":453,"date":"2021-05-13T10:48:27","date_gmt":"2021-05-13T08:48:27","guid":{"rendered":"https:\/\/ruruhaus.webcoon.dev\/?page_id=453"},"modified":"2022-07-15T11:40:36","modified_gmt":"2022-07-15T09:40:36","slug":"about","status":"publish","type":"page","link":"https:\/\/ruruhaus.de\/en\/about\/","title":{"rendered":"About ruruHaus"},"content":{"rendered":"<p>ruruHaus ist ein Raum f\u00fcr Initiierung, ein gemeinsames Laboratorium, ein Experimentierfeld f\u00fcr die Kollaboration. Es l\u00e4dt ein zum Erkunden, Ausw\u00e4hlen, Erz\u00e4hlen, Simulieren, Artikulieren, Treffen, Verteilen, \u00dcben und Bestehen.<\/p>\n<p>Das ruruHaus bildet ein Netzwerk aus verschieden Kollektiven und Personen, die miteinander Raum f\u00fcr Projekte schaffen.<\/p>\n<p>Der physische Ort, der durch die documenta fifteen und ruangrupa initiiert wurde, befindet sich in der Innenstadt von Kassel an der Treppenstra\u00dfe und dem Friedrichsplatz. Der Gedanke ein Wohnzimmer f\u00fcr Kassel zu schaffen liegt dem ruruHaus zu Grunde.<\/p>\n<p>ruruHaus ist ein Ort zur Erkundung der k\u00fcnstlerischen Strategien und kuratorischen Prozesse der documenta fifteen, eine \u00dcbung zur Methode.<\/p>\n<p>Die Grundlage f\u00fcr unser Miteinander ist in unserem Community Agreement beschrieben.<\/p>\n<p>Das Wohnzimmer ist momentan nur an bestimmten Veranstaltungen ge\u00f6ffnet. Man erreicht es \u00fcber die Treppenstra\u00dfe. Bei Bedarf kann ein barrierefreier Zugang m\u00f6glich gemacht werden.<\/p>\n","protected":false},"excerpt":{"rendered":"<p>ruruHaus ist ein Raum f\u00fcr Initiierung, ein gemeinsames Laboratorium, ein Experimentierfeld f\u00fcr die Kollaboration. Es l\u00e4dt ein zum Erkunden, Ausw\u00e4hlen, Erz\u00e4hlen, Simulieren, Artikulieren, Treffen, Verteilen, \u00dcben und Bestehen. Das ruruHaus [&hellip;]<\/p>\n","protected":false},"author":256,"featured_media":0,"parent":0,"menu_order":0,"comment_status":"closed","ping_status":"closed","template":"rechtsseiten.php","meta":{"footnotes":""},"class_list":["post-453","page","type-page","status-publish","hentry"],"pp_force_visibility":null,"pp_subpost_visibility":null,"pp_inherited_force_visibility":null,"pp_inherited_subpost_visibility":null,"acf":[],"_links":{"self":[{"href":"https:\/\/ruruhaus.de\/en\/wp-json\/wp\/v2\/pages\/453","targetHints":{"allow":["GET"]}}],"collection":[{"href":"https:\/\/ruruhaus.de\/en\/wp-json\/wp\/v2\/pages"}],"about":[{"href":"https:\/\/ruruhaus.de\/en\/wp-json\/wp\/v2\/types\/page"}],"author":[{"embeddable":true,"href":"https:\/\/ruruhaus.de\/en\/wp-json\/wp\/v2\/users\/256"}],"replies":[{"embeddable":true,"href":"https:\/\/ruruhaus.de\/en\/wp-json\/wp\/v2\/comments?post=453"}],"version-history":[{"count":7,"href":"https:\/\/ruruhaus.de\/en\/wp-json\/wp\/v2\/pages\/453\/revisions"}],"predecessor-version":[{"id":3591,"href":"https:\/\/ruruhaus.de\/en\/wp-json\/wp\/v2\/pages\/453\/revisions\/3591"}],"wp:attachment":[{"href":"https:\/\/ruruhaus.de\/en\/wp-json\/wp\/v2\/media?parent=453"}],"curies":[{"name":"wp","href":"https:\/\/api.w.org\/{rel}","templated":true}]}}